{"id":7,"date":"2021-04-06T15:23:58","date_gmt":"2021-04-06T13:23:58","guid":{"rendered":"http:\/\/oseproduction.com\/?page_id=7"},"modified":"2021-04-12T09:55:48","modified_gmt":"2021-04-12T07:55:48","slug":"a-propos-de","status":"publish","type":"page","link":"https:\/\/www.oseproduction.com\/index.php\/a-propos-de\/","title":{"rendered":"\u00c0 propos de nous"},"content":{"rendered":"\n<p>Ose Production est l&rsquo;association de deux jeunes productrices <strong>Elsa de Balby<\/strong> et <strong>Julia Gabreau<\/strong>.<\/p>\n\n\n\n<p>Compl\u00e9mentaires et passionn\u00e9es, elles se rencontrent au sein du groupe belge Umedia et c&rsquo;est avec l&rsquo;id\u00e9e originale de leur premier projet <em>D\u00e9barqu\u00e9es<\/em>, que nait la soci\u00e9t\u00e9 Ose Production.<\/p>\n\n\n\n<p>L&rsquo;expertise marketing d&rsquo;Elsa qu&rsquo;elle a exerc\u00e9 \u00e0 la fois dans des soci\u00e9t\u00e9s de distribution (Happiness Distribution), de production (Rouge International) et de ventes internationales (Wild Bunch) s&rsquo;associe \u00e0 l&rsquo;exp\u00e9rience de production de Julia (Umedia, Agat Films\/Ex Nihilo).<\/p>\n","protected":false},"excerpt":{"rendered":"<p>Ose Production est l&rsquo;association de deux jeunes productrices Elsa de Balby et Julia Gabreau. Compl\u00e9mentaires et passionn\u00e9es, elles se rencontrent au sein du groupe belge Umedia et c&rsquo;est avec l&rsquo;id\u00e9e originale de leur premier projet D\u00e9barqu\u00e9es, que nait la soci\u00e9t\u00e9 Ose Production. L&rsquo;expertise marketing d&rsquo;Elsa qu&rsquo;elle a exerc\u00e9 \u00e0 la fois dans des soci\u00e9t\u00e9s de &hellip; <\/p>\n<p class=\"link-more\"><a href=\"https:\/\/www.oseproduction.com\/index.php\/a-propos-de\/\" class=\"more-link\">Continuer la lecture<span class=\"screen-reader-text\"> de &laquo;&nbsp;\u00c0 propos de nous&nbsp;&raquo;<\/span><\/a><\/p>\n","protected":false},"author":1,"featured_media":63,"parent":0,"menu_order":0,"comment_status":"closed","ping_status":"closed","template":"","meta":[],"_links":{"self":[{"href":"https:\/\/www.oseproduction.com\/index.php\/wp-json\/wp\/v2\/pages\/7"}],"collection":[{"href":"https:\/\/www.oseproduction.com\/index.php\/wp-json\/wp\/v2\/pages"}],"about":[{"href":"https:\/\/www.oseproduction.com\/index.php\/wp-json\/wp\/v2\/types\/page"}],"author":[{"embeddable":true,"href":"https:\/\/www.oseproduction.com\/index.php\/wp-json\/wp\/v2\/users\/1"}],"replies":[{"embeddable":true,"href":"https:\/\/www.oseproduction.com\/index.php\/wp-json\/wp\/v2\/comments?post=7"}],"version-history":[{"count":3,"href":"https:\/\/www.oseproduction.com\/index.php\/wp-json\/wp\/v2\/pages\/7\/revisions"}],"predecessor-version":[{"id":61,"href":"https:\/\/www.oseproduction.com\/index.php\/wp-json\/wp\/v2\/pages\/7\/revisions\/61"}],"wp:featuredmedia":[{"embeddable":true,"href":"https:\/\/www.oseproduction.com\/index.php\/wp-json\/wp\/v2\/media\/63"}],"wp:attachment":[{"href":"https:\/\/www.oseproduction.com\/index.php\/wp-json\/wp\/v2\/media?parent=7"}],"curies":[{"name":"wp","href":"https:\/\/api.w.org\/{rel}","templated":true}]}}