{"id":18,"date":"2021-04-06T15:23:58","date_gmt":"2021-04-06T13:23:58","guid":{"rendered":"http:\/\/oseproduction.com\/?page_id=18"},"modified":"2022-02-17T13:44:24","modified_gmt":"2022-02-17T12:44:24","slug":"nosprojets","status":"publish","type":"page","link":"https:\/\/www.oseproduction.com\/index.php\/nosprojets\/","title":{"rendered":"Nos projets"},"content":{"rendered":"\n<h2><strong><em>Oh Joy<\/em><\/strong> de Laureline Maurer<\/h2>\n\n\n\n<figure class=\"wp-block-image size-large\"><img loading=\"lazy\" width=\"1024\" height=\"576\" src=\"https:\/\/www.oseproduction.com\/wp-content\/uploads\/2022\/02\/MOODBOARD-oh-Joy-2-1024x576.png\" alt=\"\" class=\"wp-image-68\" srcset=\"https:\/\/www.oseproduction.com\/wp-content\/uploads\/2022\/02\/MOODBOARD-oh-Joy-2-1024x576.png 1024w, https:\/\/www.oseproduction.com\/wp-content\/uploads\/2022\/02\/MOODBOARD-oh-Joy-2-300x169.png 300w, https:\/\/www.oseproduction.com\/wp-content\/uploads\/2022\/02\/MOODBOARD-oh-Joy-2-768x432.png 768w, https:\/\/www.oseproduction.com\/wp-content\/uploads\/2022\/02\/MOODBOARD-oh-Joy-2-1536x864.png 1536w, https:\/\/www.oseproduction.com\/wp-content\/uploads\/2022\/02\/MOODBOARD-oh-Joy-2.png 1920w\" sizes=\"(max-width: 767px) 89vw, (max-width: 1000px) 54vw, (max-width: 1071px) 543px, 580px\" \/><figcaption>\u00c9lie, jeune homme d\u2019une vingtaine d\u2019ann\u00e9es, passe la fin de son \u00e9t\u00e9 en Charente-Maritime dans la maison de ses grands-parents. C\u2019est la premi\u00e8re fois qu\u2019il s\u2019y retrouve avec sa famille depuis la mort de son grand-p\u00e8re, d\u00e9c\u00e9d\u00e9 il y a peu. Une nu\u00e9e d\u2019\u00e9tranges manifestations vont venir guider \u00c9lie \u00e0 travers le deuil. <\/figcaption><\/figure>\n\n\n\n<p><\/p>\n","protected":false},"excerpt":{"rendered":"<p>Oh Joy de Laureline Maurer<\/p>\n","protected":false},"author":1,"featured_media":66,"parent":0,"menu_order":0,"comment_status":"closed","ping_status":"closed","template":"","meta":[],"_links":{"self":[{"href":"https:\/\/www.oseproduction.com\/index.php\/wp-json\/wp\/v2\/pages\/18"}],"collection":[{"href":"https:\/\/www.oseproduction.com\/index.php\/wp-json\/wp\/v2\/pages"}],"about":[{"href":"https:\/\/www.oseproduction.com\/index.php\/wp-json\/wp\/v2\/types\/page"}],"author":[{"embeddable":true,"href":"https:\/\/www.oseproduction.com\/index.php\/wp-json\/wp\/v2\/users\/1"}],"replies":[{"embeddable":true,"href":"https:\/\/www.oseproduction.com\/index.php\/wp-json\/wp\/v2\/comments?post=18"}],"version-history":[{"count":5,"href":"https:\/\/www.oseproduction.com\/index.php\/wp-json\/wp\/v2\/pages\/18\/revisions"}],"predecessor-version":[{"id":72,"href":"https:\/\/www.oseproduction.com\/index.php\/wp-json\/wp\/v2\/pages\/18\/revisions\/72"}],"wp:featuredmedia":[{"embeddable":true,"href":"https:\/\/www.oseproduction.com\/index.php\/wp-json\/wp\/v2\/media\/66"}],"wp:attachment":[{"href":"https:\/\/www.oseproduction.com\/index.php\/wp-json\/wp\/v2\/media?parent=18"}],"curies":[{"name":"wp","href":"https:\/\/api.w.org\/{rel}","templated":true}]}}